{"id":8,"date":"2021-08-02T17:18:54","date_gmt":"2021-08-02T15:18:54","guid":{"rendered":"https:\/\/gebaeudetechnik-jobs.de\/?page_id=8"},"modified":"2021-08-17T11:50:00","modified_gmt":"2021-08-17T09:50:00","slug":"startseite","status":"publish","type":"page","link":"https:\/\/gebaeudetechnik-jobs.de\/?page_id=8","title":{"rendered":"Warum soll ich mich hier bewerben?"},"content":{"rendered":"\n<p>Weil du doch auch gl\u00fccklich sein willst im Job. Wollen wir doch alle. Und wir alle hatten schonmal Jobs, in denen man sich nicht wohlf\u00fchlt. Schon wieder Montag? Pfft\u2026<\/p>\n\n\n\n<p><strong>YEAH! ENDLICH WIEDER MONTAG!<\/strong> K\u00f6nnt ihr euch nicht vorstellen? Wir schon. Wir KENNEN das. Weil es einfach viel besser l\u00e4uft, wenn man sich auf das Projekt freut und den Kollegen unbedingt vom Wochenende erz\u00e4hlen muss. Und der Firmenwagen ist auch besser als der alte Golf.<\/p>\n\n\n\n<p>Wir vermitteln dir die Stellenangebote, auf die du gewartet hast.<\/p>\n","protected":false},"excerpt":{"rendered":"<p>Weil du doch auch gl\u00fccklich sein willst im Job. Wollen wir doch alle. Und wir alle hatten schonmal Jobs, in denen man sich nicht wohlf\u00fchlt. Schon wieder Montag? Pfft\u2026 YEAH! ENDLICH WIEDER MONTAG! K\u00f6nnt ihr euch nicht vorstellen? Wir schon. Wir KENNEN das. Weil es einfach viel besser l\u00e4uft, wenn man sich auf das Projekt &hellip; <\/p>\n<p class=\"link-more\"><a href=\"https:\/\/gebaeudetechnik-jobs.de\/?page_id=8\" class=\"more-link\"><span class=\"screen-reader-text\">\u201eWarum soll ich mich hier bewerben?\u201c <\/span>weiterlesen<\/a><\/p>\n","protected":false},"author":1,"featured_media":0,"parent":0,"menu_order":0,"comment_status":"closed","ping_status":"closed","template":"","meta":{"footnotes":""},"class_list":["post-8","page","type-page","status-publish","hentry"],"_links":{"self":[{"href":"https:\/\/gebaeudetechnik-jobs.de\/index.php?rest_route=\/wp\/v2\/pages\/8","targetHints":{"allow":["GET"]}}],"collection":[{"href":"https:\/\/gebaeudetechnik-jobs.de\/index.php?rest_route=\/wp\/v2\/pages"}],"about":[{"href":"https:\/\/gebaeudetechnik-jobs.de\/index.php?rest_route=\/wp\/v2\/types\/page"}],"author":[{"embeddable":true,"href":"https:\/\/gebaeudetechnik-jobs.de\/index.php?rest_route=\/wp\/v2\/users\/1"}],"replies":[{"embeddable":true,"href":"https:\/\/gebaeudetechnik-jobs.de\/index.php?rest_route=%2Fwp%2Fv2%2Fcomments&post=8"}],"version-history":[{"count":7,"href":"https:\/\/gebaeudetechnik-jobs.de\/index.php?rest_route=\/wp\/v2\/pages\/8\/revisions"}],"predecessor-version":[{"id":84,"href":"https:\/\/gebaeudetechnik-jobs.de\/index.php?rest_route=\/wp\/v2\/pages\/8\/revisions\/84"}],"wp:attachment":[{"href":"https:\/\/gebaeudetechnik-jobs.de\/index.php?rest_route=%2Fwp%2Fv2%2Fmedia&parent=8"}],"curies":[{"name":"wp","href":"https:\/\/api.w.org\/{rel}","templated":true}]}}